{"id":11,"date":"2025-01-03T23:50:30","date_gmt":"2025-01-03T22:50:30","guid":{"rendered":"https:\/\/knupflinge.de\/?page_id=11"},"modified":"2025-10-26T17:04:36","modified_gmt":"2025-10-26T16:04:36","slug":"die-welt-der-knupflinge","status":"publish","type":"page","link":"https:\/\/knupflinge.de\/","title":{"rendered":"Die Welt der Knupflinge"},"content":{"rendered":"\n<p>Die Knupflinge sind unsere kleinen Phantasie- und Liebhabwesen. Sie sind eigentlich immer fr\u00f6hlich, gut gelaunt und unheimlich neugierig. Allerdings k\u00f6nnen sie auch mal Angst haben oder verunsichert sein, was aber zum Gl\u00fcck nur ganz selten vorkommt. Ganz sicher ist dann aber, dass sie dies immer \u00e4u\u00dfern d\u00fcrfen und dann nat\u00fcrlich auch den n\u00f6tigen Trost finden. <\/p>\n\n\n\n<p>Die Knupflinge haben au\u00dferdem ganz sch\u00f6n viel Quatsch im Kopf. Sie stecken voller Lebenslust und haben immer wieder andere lustige oder niedliche Ideen.<\/p>\n\n\n\n<p>Aus psychotherapeutischer Sicht sind sie wohl am ehesten als unser inneres Kind zu deuten. Wir nehmen ihre W\u00fcnsche und Einw\u00e4nde sehr ernst, denn sie sind ein ganz zentraler Bestandteil unseres Alltags. Deshalb passen wir auch richtig gut auf sie auf.<\/p>\n\n\n\n<p>Auf den folgenden Seiten w\u00fcrden sie Euch gern ihre kleine, aber sehr liebevolle Welt genauer zeigen.<\/p>\n","protected":false},"excerpt":{"rendered":"<p>Die Knupflinge sind unsere kleinen Phantasie- und Liebhabwesen. Sie sind eigentlich immer fr\u00f6hlich, gut gelaunt und unheimlich neugierig. Allerdings k\u00f6nnen [&hellip;]<\/p>\n","protected":false},"author":1,"featured_media":0,"parent":0,"menu_order":0,"comment_status":"closed","ping_status":"closed","template":"","meta":{"site-sidebar-layout":"default","site-content-layout":"","ast-site-content-layout":"","site-content-style":"default","site-sidebar-style":"default","ast-global-header-display":"","ast-banner-title-visibility":"","ast-main-header-display":"","ast-hfb-above-header-display":"","ast-hfb-below-header-display":"","ast-hfb-mobile-header-display":"","site-post-title":"disabled","ast-breadcrumbs-content":"","ast-featured-img":"","footer-sml-layout":"","theme-transparent-header-meta":"disabled","adv-header-id-meta":"","stick-header-meta":"","header-above-stick-meta":"","header-main-stick-meta":"","header-below-stick-meta":"","astra-migrate-meta-layouts":"default","ast-page-background-enabled":"default","ast-page-background-meta":{"desktop":{"background-color":"var(--ast-global-color-5)","background-image":"","background-repeat":"repeat","background-position":"center center","background-size":"auto","background-attachment":"scroll","background-type":"","background-media":"","overlay-type":"","overlay-color":"","overlay-opacity":"","overlay-gradient":""},"tablet":{"background-color":"","background-image":"","background-repeat":"repeat","background-position":"center center","background-size":"auto","background-attachment":"scroll","background-type":"","background-media":"","overlay-type":"","overlay-color":"","overlay-opacity":"","overlay-gradient":""},"mobile":{"background-color":"","background-image":"","background-repeat":"repeat","background-position":"center center","background-size":"auto","background-attachment":"scroll","background-type":"","background-media":"","overlay-type":"","overlay-color":"","overlay-opacity":"","overlay-gradient":""}},"ast-content-background-meta":{"desktop":{"background-color":"var(--ast-global-color-4)","background-image":"","background-repeat":"repeat","background-position":"center center","background-size":"auto","background-attachment":"scroll","background-type":"","background-media":"","overlay-type":"","overlay-color":"","overlay-opacity":"","overlay-gradient":""},"tablet":{"background-color":"var(--ast-global-color-4)","background-image":"","background-repeat":"repeat","background-position":"center center","background-size":"auto","background-attachment":"scroll","background-type":"","background-media":"","overlay-type":"","overlay-color":"","overlay-opacity":"","overlay-gradient":""},"mobile":{"background-color":"var(--ast-global-color-4)","background-image":"","background-repeat":"repeat","background-position":"center center","background-size":"auto","background-attachment":"scroll","background-type":"","background-media":"","overlay-type":"","overlay-color":"","overlay-opacity":"","overlay-gradient":""}},"footnotes":""},"class_list":["post-11","page","type-page","status-publish","hentry"],"_links":{"self":[{"href":"https:\/\/knupflinge.de\/index.php?rest_route=\/wp\/v2\/pages\/11","targetHints":{"allow":["GET"]}}],"collection":[{"href":"https:\/\/knupflinge.de\/index.php?rest_route=\/wp\/v2\/pages"}],"about":[{"href":"https:\/\/knupflinge.de\/index.php?rest_route=\/wp\/v2\/types\/page"}],"author":[{"embeddable":true,"href":"https:\/\/knupflinge.de\/index.php?rest_route=\/wp\/v2\/users\/1"}],"replies":[{"embeddable":true,"href":"https:\/\/knupflinge.de\/index.php?rest_route=%2Fwp%2Fv2%2Fcomments&post=11"}],"version-history":[{"count":8,"href":"https:\/\/knupflinge.de\/index.php?rest_route=\/wp\/v2\/pages\/11\/revisions"}],"predecessor-version":[{"id":191,"href":"https:\/\/knupflinge.de\/index.php?rest_route=\/wp\/v2\/pages\/11\/revisions\/191"}],"wp:attachment":[{"href":"https:\/\/knupflinge.de\/index.php?rest_route=%2Fwp%2Fv2%2Fmedia&parent=11"}],"curies":[{"name":"wp","href":"https:\/\/api.w.org\/{rel}","templated":true}]}}